{"id":41,"date":"2025-07-07T09:17:58","date_gmt":"2025-07-07T13:17:58","guid":{"rendered":"http:\/\/ppaiders.test\/?page_id=41"},"modified":"2026-03-25T10:31:05","modified_gmt":"2026-03-25T14:31:05","slug":"conditions-generales-de-vente","status":"publish","type":"page","link":"https:\/\/www.ideale-solution.com\/fr\/conditions-generales-de-vente\/","title":{"rendered":"Conditions g\u00e9n\u00e9rales de vente"},"content":{"rendered":"\n<section>\n    <div class=\"lg:px-10 max-lg:px-5 mt-8 relative overflow-hidden\">\n        <div class=\"container mx-auto\">\n            <div class=\"flex flex-col text-left items-start m-auto\">\n\n                                    <div class=\"max-w-[850px] w-full mx-auto\">\n                                                    <h1 class=\"text-primary font-extrabold flex flex-col gap-y-[8px] text-left\">\n                                <span>Condition generales de vente<\/span>\n                            <\/h1>\n                        \n                                                    <div class=\"richtext font-primary text-[18px] font-normal leading-[160%] text-primary pt-4 text-left\">\n                                <h2>ARTICLE 1 &#8211; CONSENTEMENT<\/h2>\n<p><strong>Comment obtenez-vous mon consentement?<\/strong><\/p>\n<p>Lorsque vous nous fournissez vos renseignements personnels pour conclure une transaction, nous pr\u00e9sumons que vous consentez \u00e0 ce que nous recueillions vos renseignements et \u00e0 ce que nous les utilisions \u00e0 cette fin uniquement.<\/p>\n<p>Si nous vous demandons de nous fournir vos renseignements personnels pour une autre raison, \u00e0 des fins de marketing par exemple, nous vous demanderons directement votre consentement explicite, ou nous vous donnerons la possibilit\u00e9 de refuser.<\/p>\n<p><strong>Comment puis-je retirer mon consentement?<\/strong><\/p>\n<p>Si apr\u00e8s nous avoir donn\u00e9 votre consentement, vous changez d\u2019avis et ne consentez plus \u00e0 ce que nous puissions vous contacter, recueillir vos renseignements ou les divulguer, vous pouvez nous en aviser en nous contactant \u00e0 : info@ideale-solution.com ou par courrier \u00e0 : Id\u00e9ale-Solution 1845 Boul. de P\u00e9rigny CP102, Chambly, Qu\u00e9bec, J3L 0B0<\/p>\n<h2>ARTICLE 2\u2013 DIVULGATION<\/h2>\n<p>Nous pouvons divulguer vos renseignements personnels si la loi nous oblige \u00e0 le faire ou si vous violez nos Conditions G\u00e9n\u00e9rales d\u2019Utilisation.<\/p>\n<h2>ARTICLE 3 \u2013 LIBRE IT<\/h2>\n<p>Notre site est h\u00e9berg\u00e9e sur LIBRE IT.<\/p>\n<p>Vos donn\u00e9es sont stock\u00e9es dans le syst\u00e8me de stockage de donn\u00e9es et les bases de donn\u00e9es de DVORE, et dans l\u2019application g\u00e9n\u00e9rale de DVORE. Vos donn\u00e9es sont conserv\u00e9es sur un serveur s\u00e9curis\u00e9 prot\u00e9g\u00e9 par un pare-feu.<\/p>\n<h2>ARTICLE 4 \u2013 S\u00c9CURIT\u00c9<\/h2>\n<p>Pour prot\u00e9ger vos donn\u00e9es personnelles, nous prenons des pr\u00e9cautions raisonnables et suivons les meilleures pratiques de l\u2019industrie pour nous assurer qu\u2019elles ne soient pas perdues, d\u00e9tourn\u00e9es, consult\u00e9es, divulgu\u00e9es, modifi\u00e9es ou d\u00e9truites de mani\u00e8re inappropri\u00e9e.<\/p>\n<h3>COLLECTE DE DONN\u00c9ES<\/h3>\n<p>Nous avons recours \u00e0 plusieurs technologies pour collecter et stocker des informations, notamment les cookies, les pixels de suivi, les \u00e9l\u00e9ments stock\u00e9s en local (tels que le stockage sur les navigateurs Web ou les caches de donn\u00e9es d&rsquo;application), les bases de donn\u00e9es et les fichiers journaux de serveur.<\/p>\n<h2>ARTICLE 5 \u2013 \u00c2GE DE CONSENTEMENT<\/h2>\n<p>En utilisant ce site, vous d\u00e9clarez que vous avez au moins l\u2019\u00e2ge de la majorit\u00e9 dans votre \u00c9tat ou province de r\u00e9sidence.<\/p>\n<h2>ARTICLE 6 \u2013 MODIFICATIONS APPORT\u00c9ES \u00c0 LA PR\u00c9SENTE POLITIQUE DE CONFIDENTIALIT\u00c9<\/h2>\n<p>Nous nous r\u00e9servons le droit de modifier la pr\u00e9sente politique de confidentialit\u00e9 \u00e0 tout moment, donc veuillez s\u2019il vous plait la consulter fr\u00e9quemment. Les changements et les clarifications prendront effet imm\u00e9diatement apr\u00e8s leur publication sur le site web. Si nous apportons des changements au contenu de cette politique, nous vous aviserons ici qu\u2019elle a \u00e9t\u00e9 mise \u00e0 jour, pour que vous sachiez quels renseignements nous recueillons, la mani\u00e8re dont nous les utilisons, et dans quelles circonstances nous les divulguons, s\u2019il y a lieu de le faire.<\/p>\n<p>Si notre boutique fait l\u2019objet d\u2019une acquisition par ou d\u2019une fusion avec une autre entreprise, vos renseignements pourraient \u00eatre transf\u00e9r\u00e9s aux nouveaux propri\u00e9taires pour que nous puissions continuer \u00e0 vous vendre des produits.<\/p>\n<h2>QUESTIONS ET COORDONN\u00c9ES<\/h2>\n<p>Si vous souhaitez: acc\u00e9der \u00e0, corriger, modifier ou supprimer toute information personnelle que nous avons \u00e0 votre sujet, d\u00e9poser une plainte, ou si vous souhaitez simplement avoir plus d\u2019informations, contactez notre agent responsable des normes de confidentialit\u00e9 \u00e0 info@ideale-solution.com ou par courrier \u00e0 : Id\u00e9ale-Solution 1845 Boul. de P\u00e9rigny CP102, Chambly, Qu\u00e9bec, J3L 0B0<\/p>\n                            <\/div>\n                                            <\/div>\n                \n            <\/div>\n        <\/div>\n    <\/div>\n<\/section>\n\n\n\n<section>\n    <div class=\"lg:px-10 max-lg:px-5 py-[40px] lg:pt-[60px] lg:pb-[80px] relative overflow-hidden\">\n        <div class=\"container bg-gradient-to-br from-[#433EED] via-[#433EED] to-[#E5E3FF] p-10 md:p-20 rounded-lg text-white mx-auto flex flex-col\">\n            <div class=\"flex flex-col gap-[10px] text-center items-center m-auto\">\n\n                \n                                    <div class=\"font-normal text-[16px] leading-[100%] text-white richtext\">\n                        <p>Notre plateforme met \u00e0 votre disposition des ressources informatives accessibles, con\u00e7ues pour nourrir votre r\u00e9flexion et votre curiosit\u00e9. Le contenu offert est pr\u00e9sent\u00e9 \u00e0 titre g\u00e9n\u00e9ral seulement et ne constitue en aucun cas conseil personnalis\u00e9.<\/p>\n                    <\/div>\n                \n                                    <a href=\"http:\/\/signup.ideale-solution.com\"\n                       class=\"btn btn-white rounded-3xl text-secondary mt-6 flex items-center max-w-max border-white\"\n                       title=\"Obtenez votre prime imm\u00e9diatement\">\n                        Obtenez votre prime imm\u00e9diatement                        <span class=\"arrow-right bg-secondary transition-colors duration-300 text-white rounded-2xl w-9 h-9 min-w-9 min-h-9 flex justify-center items-center ml-2\">\n                           <img decoding=\"async\" src=\"https:\/\/www.ideale-solution.com\/wp-content\/themes\/pulser\/images\/arrow-right.svg\"\n                                class=\"w-[11px] transition-transform duration-300\" alt=\"arrow\">\n                        <\/span>\n                    <\/a>\n                \n            <\/div>\n            <div class=\"w-[80px] h-[80px] rounded-[16px] shadow-lg flex justify-center items-center bg-white absolute w-16 animate-float3 z-10\">\n                <img decoding=\"async\" src=\"https:\/\/www.ideale-solution.com\/wp-content\/themes\/pulser\/images\/anim-images\/lightning.png\"\/>\n            <\/div>\n        <\/div>\n    <\/div>\n<\/section>\n","protected":false},"excerpt":{"rendered":"","protected":false},"author":3,"featured_media":0,"parent":0,"menu_order":0,"comment_status":"closed","ping_status":"closed","template":"","meta":{"_acf_changed":false,"footnotes":""},"class_list":["post-41","page","type-page","status-publish","hentry"],"acf":[],"yoast_head":"<!-- This site is optimized with the Yoast SEO plugin v26.8 - https:\/\/yoast.com\/product\/yoast-seo-wordpress\/ -->\n<title>Conditions g\u00e9n\u00e9rales de vente | Id\u00e9ale Solution<\/title>\n<meta name=\"description\" content=\"Notre plateforme met \u00e0 votre disposition des ressources informatives accessibles, con\u00e7ues pour nourrir votre r\u00e9flexion et votre curiosit\u00e9\" \/>\n<meta name=\"robots\" content=\"index, follow, max-snippet:-1, max-image-preview:large, max-video-preview:-1\" \/>\n<link rel=\"canonical\" href=\"https:\/\/www.ideale-solution.com\/fr\/conditions-generales-de-vente\/\" \/>\n<meta property=\"og:locale\" content=\"fr_CA\" \/>\n<meta property=\"og:type\" content=\"article\" \/>\n<meta property=\"og:title\" content=\"Conditions g\u00e9n\u00e9rales de vente | Id\u00e9ale Solution\" \/>\n<meta property=\"og:description\" content=\"Notre plateforme met \u00e0 votre disposition des ressources informatives accessibles, con\u00e7ues pour nourrir votre r\u00e9flexion et votre curiosit\u00e9\" \/>\n<meta property=\"og:url\" content=\"https:\/\/www.ideale-solution.com\/fr\/conditions-generales-de-vente\/\" \/>\n<meta property=\"og:site_name\" content=\"Id\u00e9ale Solution\" \/>\n<meta property=\"article:modified_time\" content=\"2026-03-25T14:31:05+00:00\" \/>\n<meta property=\"og:image\" content=\"https:\/\/www.ideale-solution.com\/wp-content\/uploads\/2025\/07\/COntent-1.webp\" \/>\n\t<meta property=\"og:image:width\" content=\"406\" \/>\n\t<meta property=\"og:image:height\" content=\"271\" \/>\n\t<meta property=\"og:image:type\" content=\"image\/webp\" \/>\n<meta name=\"twitter:card\" content=\"summary_large_image\" \/>\n<script type=\"application\/ld+json\" class=\"yoast-schema-graph\">{\"@context\":\"https:\/\/schema.org\",\"@graph\":[{\"@type\":\"WebPage\",\"@id\":\"https:\/\/www.ideale-solution.com\/fr\/conditions-generales-de-vente\/\",\"url\":\"https:\/\/www.ideale-solution.com\/fr\/conditions-generales-de-vente\/\",\"name\":\"Conditions g\u00e9n\u00e9rales de vente | Id\u00e9ale Solution\",\"isPartOf\":{\"@id\":\"https:\/\/www.ideale-solution.com\/fr\/#website\"},\"datePublished\":\"2025-07-07T13:17:58+00:00\",\"dateModified\":\"2026-03-25T14:31:05+00:00\",\"description\":\"Notre plateforme met \u00e0 votre disposition des ressources informatives accessibles, con\u00e7ues pour nourrir votre r\u00e9flexion et votre curiosit\u00e9\",\"breadcrumb\":{\"@id\":\"https:\/\/www.ideale-solution.com\/fr\/conditions-generales-de-vente\/#breadcrumb\"},\"inLanguage\":\"fr-CA\",\"potentialAction\":[{\"@type\":\"ReadAction\",\"target\":[\"https:\/\/www.ideale-solution.com\/fr\/conditions-generales-de-vente\/\"]}]},{\"@type\":\"BreadcrumbList\",\"@id\":\"https:\/\/www.ideale-solution.com\/fr\/conditions-generales-de-vente\/#breadcrumb\",\"itemListElement\":[{\"@type\":\"ListItem\",\"position\":1,\"name\":\"Accueil\",\"item\":\"https:\/\/www.ideale-solution.com\/fr\/\"},{\"@type\":\"ListItem\",\"position\":2,\"name\":\"Conditions g\u00e9n\u00e9rales de vente\"}]},{\"@type\":\"WebSite\",\"@id\":\"https:\/\/www.ideale-solution.com\/fr\/#website\",\"url\":\"https:\/\/www.ideale-solution.com\/fr\/\",\"name\":\"Id\u00e9ale Solution\",\"description\":\"Faire un cr\u00e9dit d\u2019argent rapide en ligne\",\"publisher\":{\"@id\":\"https:\/\/www.ideale-solution.com\/fr\/#organization\"},\"potentialAction\":[{\"@type\":\"SearchAction\",\"target\":{\"@type\":\"EntryPoint\",\"urlTemplate\":\"https:\/\/www.ideale-solution.com\/fr\/?s={search_term_string}\"},\"query-input\":{\"@type\":\"PropertyValueSpecification\",\"valueRequired\":true,\"valueName\":\"search_term_string\"}}],\"inLanguage\":\"fr-CA\"},{\"@type\":\"Organization\",\"@id\":\"https:\/\/www.ideale-solution.com\/fr\/#organization\",\"name\":\"Id\u00e9ale Solution\",\"url\":\"https:\/\/www.ideale-solution.com\/fr\/\",\"logo\":{\"@type\":\"ImageObject\",\"inLanguage\":\"fr-CA\",\"@id\":\"https:\/\/www.ideale-solution.com\/fr\/#\/schema\/logo\/image\/\",\"url\":\"https:\/\/www.ideale-solution.com\/wp-content\/uploads\/2025\/07\/Group-2-1-1.svg\",\"contentUrl\":\"https:\/\/www.ideale-solution.com\/wp-content\/uploads\/2025\/07\/Group-2-1-1.svg\",\"caption\":\"Id\u00e9ale Solution\"},\"image\":{\"@id\":\"https:\/\/www.ideale-solution.com\/fr\/#\/schema\/logo\/image\/\"}}]}<\/script>\n<!-- \/ Yoast SEO plugin. -->","yoast_head_json":{"title":"Conditions g\u00e9n\u00e9rales de vente | Id\u00e9ale Solution","description":"Notre plateforme met \u00e0 votre disposition des ressources informatives accessibles, con\u00e7ues pour nourrir votre r\u00e9flexion et votre curiosit\u00e9","robots":{"index":"index","follow":"follow","max-snippet":"max-snippet:-1","max-image-preview":"max-image-preview:large","max-video-preview":"max-video-preview:-1"},"canonical":"https:\/\/www.ideale-solution.com\/fr\/conditions-generales-de-vente\/","og_locale":"fr_CA","og_type":"article","og_title":"Conditions g\u00e9n\u00e9rales de vente | Id\u00e9ale Solution","og_description":"Notre plateforme met \u00e0 votre disposition des ressources informatives accessibles, con\u00e7ues pour nourrir votre r\u00e9flexion et votre curiosit\u00e9","og_url":"https:\/\/www.ideale-solution.com\/fr\/conditions-generales-de-vente\/","og_site_name":"Id\u00e9ale Solution","article_modified_time":"2026-03-25T14:31:05+00:00","og_image":[{"width":406,"height":271,"url":"https:\/\/www.ideale-solution.com\/wp-content\/uploads\/2025\/07\/COntent-1.webp","type":"image\/webp"}],"twitter_card":"summary_large_image","schema":{"@context":"https:\/\/schema.org","@graph":[{"@type":"WebPage","@id":"https:\/\/www.ideale-solution.com\/fr\/conditions-generales-de-vente\/","url":"https:\/\/www.ideale-solution.com\/fr\/conditions-generales-de-vente\/","name":"Conditions g\u00e9n\u00e9rales de vente | Id\u00e9ale Solution","isPartOf":{"@id":"https:\/\/www.ideale-solution.com\/fr\/#website"},"datePublished":"2025-07-07T13:17:58+00:00","dateModified":"2026-03-25T14:31:05+00:00","description":"Notre plateforme met \u00e0 votre disposition des ressources informatives accessibles, con\u00e7ues pour nourrir votre r\u00e9flexion et votre curiosit\u00e9","breadcrumb":{"@id":"https:\/\/www.ideale-solution.com\/fr\/conditions-generales-de-vente\/#breadcrumb"},"inLanguage":"fr-CA","potentialAction":[{"@type":"ReadAction","target":["https:\/\/www.ideale-solution.com\/fr\/conditions-generales-de-vente\/"]}]},{"@type":"BreadcrumbList","@id":"https:\/\/www.ideale-solution.com\/fr\/conditions-generales-de-vente\/#breadcrumb","itemListElement":[{"@type":"ListItem","position":1,"name":"Accueil","item":"https:\/\/www.ideale-solution.com\/fr\/"},{"@type":"ListItem","position":2,"name":"Conditions g\u00e9n\u00e9rales de vente"}]},{"@type":"WebSite","@id":"https:\/\/www.ideale-solution.com\/fr\/#website","url":"https:\/\/www.ideale-solution.com\/fr\/","name":"Id\u00e9ale Solution","description":"Faire un cr\u00e9dit d\u2019argent rapide en ligne","publisher":{"@id":"https:\/\/www.ideale-solution.com\/fr\/#organization"},"potentialAction":[{"@type":"SearchAction","target":{"@type":"EntryPoint","urlTemplate":"https:\/\/www.ideale-solution.com\/fr\/?s={search_term_string}"},"query-input":{"@type":"PropertyValueSpecification","valueRequired":true,"valueName":"search_term_string"}}],"inLanguage":"fr-CA"},{"@type":"Organization","@id":"https:\/\/www.ideale-solution.com\/fr\/#organization","name":"Id\u00e9ale Solution","url":"https:\/\/www.ideale-solution.com\/fr\/","logo":{"@type":"ImageObject","inLanguage":"fr-CA","@id":"https:\/\/www.ideale-solution.com\/fr\/#\/schema\/logo\/image\/","url":"https:\/\/www.ideale-solution.com\/wp-content\/uploads\/2025\/07\/Group-2-1-1.svg","contentUrl":"https:\/\/www.ideale-solution.com\/wp-content\/uploads\/2025\/07\/Group-2-1-1.svg","caption":"Id\u00e9ale Solution"},"image":{"@id":"https:\/\/www.ideale-solution.com\/fr\/#\/schema\/logo\/image\/"}}]}},"_links":{"self":[{"href":"https:\/\/www.ideale-solution.com\/fr\/wp-json\/wp\/v2\/pages\/41","targetHints":{"allow":["GET"]}}],"collection":[{"href":"https:\/\/www.ideale-solution.com\/fr\/wp-json\/wp\/v2\/pages"}],"about":[{"href":"https:\/\/www.ideale-solution.com\/fr\/wp-json\/wp\/v2\/types\/page"}],"author":[{"embeddable":true,"href":"https:\/\/www.ideale-solution.com\/fr\/wp-json\/wp\/v2\/users\/3"}],"replies":[{"embeddable":true,"href":"https:\/\/www.ideale-solution.com\/fr\/wp-json\/wp\/v2\/comments?post=41"}],"version-history":[{"count":7,"href":"https:\/\/www.ideale-solution.com\/fr\/wp-json\/wp\/v2\/pages\/41\/revisions"}],"predecessor-version":[{"id":1376,"href":"https:\/\/www.ideale-solution.com\/fr\/wp-json\/wp\/v2\/pages\/41\/revisions\/1376"}],"wp:attachment":[{"href":"https:\/\/www.ideale-solution.com\/fr\/wp-json\/wp\/v2\/media?parent=41"}],"curies":[{"name":"wp","href":"https:\/\/api.w.org\/{rel}","templated":true}]}}