{"id":37,"date":"2025-07-07T09:16:50","date_gmt":"2025-07-07T13:16:50","guid":{"rendered":"http:\/\/ppaiders.test\/?page_id=37"},"modified":"2026-03-25T10:34:46","modified_gmt":"2026-03-25T14:34:46","slug":"prime","status":"publish","type":"page","link":"https:\/\/www.ideale-solution.com\/fr\/renouvellement-de-votre-credit\/","title":{"rendered":"Prime"},"content":{"rendered":"\n<section class=\"align wp-block-pulser-hero-section-inner-pages-with-right-img\">\n    <div class=\"lg:px-10 max-lg:px-5 py-[40px] lg:pb-[60px] lg:pt-2\">\n        <div class=\"container mx-auto\">\n            <div class=\"flex flex-col items-center lg:flex-row gap-12\">\n                <!-- Left: Content -->\n                <div class=\"w-full lg:w-1\/2 z-10 \">\n\n                    <div class=\"mb-[40px]\">\n                                                    <h1 class=\"font-primary text-black text-clamp-lg\">\n                                Prime                            <\/h1>\n                                            <\/div>\n\n                                            <div class=\"richtext text-[16px] leading-relaxed\">\n                            <p>Abonnez-vous \u00e0 l\u2019un de notre biblioth\u00e8que de vid\u00e9os et de blogues offert tout en profitant d\u2019une remise en argent variant de 300$ \u00e0 2 000$<\/p>\n                        <\/div>\n                    \n                                            <a href=\"\/fr\/nos-credits\/#form\"\n                           class=\"btn btn-secondary rounded-3xl mt-[40px] flex items-center max-w-max border-white\"\n                           title=\"Obtenez votre prime imm\u00e9diatement\">\n                            Obtenez votre prime imm\u00e9diatement                            <span class=\"arrow-right bg-light transition-colors duration-300 text-primary rounded-2xl w-9 h-9 min-w-9 min-h-9 flex justify-center items-center ml-2\">\n                                    <img decoding=\"async\" src=\"https:\/\/www.ideale-solution.com\/wp-content\/themes\/pulser\/images\/arrow-right.svg\"\n                                         class=\"w-[11px] transition-transform duration-300\" alt=\"arrow\">\n                                <\/span>\n                        <\/a>\n                                    <\/div>\n\n                <!-- Right: Content -->\n                                    <div class=\"w-full lg:w-1\/2\">\n                        <img decoding=\"async\" src=\"https:\/\/www.ideale-solution.com\/wp-content\/uploads\/2025\/07\/pexels-jopwell-2422293-1.jpg\" alt=\"\"\n                             class=\"mx-auto h-full object-cover cover rounded-[16px] overflow-hidden\">\n                    <\/div>\n                            <\/div>\n        <\/div>\n    <\/div>\n<\/section>\n\n\n\n<section>\n    <div class=\"lg:pl-10 max-lg:px-5 py-[40px] lg:pb-[88px] lg:pt-[60px] overflow-x-hidden\">\n    <div class=\"container mx-auto flex flex-col lg:flex-row items-center gap-10\">\n        <!-- Left: Content -->\n        <div class=\"w-full lg:w-1\/2 z-10\">\n                            <h2>D\u00e9couvrez les avantages disponibles d\u00e8s aujourd\u2019hui!<\/h2>\n            \n                            <p class=\"text-sm font-medium leading-[1.4]  mb-8\">Acc\u00e9dez \u00e0 notre plateforme conviviale et b\u00e9n\u00e9ficiez d\u2019une remise pouvant atteindre 2 000$ associ\u00e9e au forfait d\u2019abonnement s\u00e9lectionn\u00e9<\/p>\n            \n                            <div class=\"flex flex-col gap-[20px]\">\n                                            <div class=\"flex items-center gap-[20px] p-4 rounded-[16px] border border-[#F0F3FF] bg-white\">\n                                                            <img decoding=\"async\" src=\"https:\/\/www.ideale-solution.com\/wp-content\/uploads\/2025\/07\/Icon-box.svg\" alt=\"\" class=\"w-10 h-10 min-w-[40px]\">\n                                                        <p class=\"text-sm font-medium leading-[1.4] \">Explorer des sujets li\u00e9s au quotidien<\/p>\n                        <\/div>\n                                            <div class=\"flex items-center gap-[20px] p-4 rounded-[16px] border border-[#F0F3FF] bg-white\">\n                                                            <img decoding=\"async\" src=\"https:\/\/www.ideale-solution.com\/wp-content\/uploads\/2025\/07\/Icon-box-2.svg\" alt=\"\" class=\"w-10 h-10 min-w-[40px]\">\n                                                        <p class=\"text-sm font-medium leading-[1.4] \">Approfondir dans votre d\u00e9veloppement personnel<\/p>\n                        <\/div>\n                                            <div class=\"flex items-center gap-[20px] p-4 rounded-[16px] border border-[#F0F3FF] bg-white\">\n                                                            <img decoding=\"async\" src=\"https:\/\/www.ideale-solution.com\/wp-content\/uploads\/2025\/07\/Icon-box-1.svg\" alt=\"\" class=\"w-10 h-10 min-w-[40px]\">\n                                                        <p class=\"text-sm font-medium leading-[1.4] \">Acc\u00e9der \u00e0 une biblioth\u00e8que de contenus g\u00e9n\u00e9raux<\/p>\n                        <\/div>\n                                    <\/div>\n                    <\/div>\n\n        <!-- Right: Image -->\n                    <div class=\"xl:translate-x-[calc((100vw-1280px)\/2)] lg:translate-x-[32px] w-full flex justify-end lg:w-1\/2\">\n                <div class=\"lg:max-w-[600px] w-full lg:h-[800px] \">\n                    <img decoding=\"async\" src=\"https:\/\/www.ideale-solution.com\/wp-content\/uploads\/2025\/07\/2f89ab7fc7b88a231bc95901b17485db96a67a8f-scaled.webp\" alt=\"Image\" class=\"lg:h-full object-cover object-center rounded-tl-[16px] rounded-bl-[16px] max-lg:rounded-tr-[16px] max-lg:rounded-br-[16px] overflow-hidden\">\n                <\/div>\n\n            <\/div>\n        \n    <\/div>\n    <\/div>\n<\/section>\n\n\n\n<section>\n    <div class=\"lg:px-10 max-lg:px-5 py-[40px] lg:pt-[60px] lg:pb-[80px] relative overflow-hidden\">\n        <div class=\"container bg-gradient-to-br from-[#433EED] via-[#433EED] to-[#E5E3FF] p-10 md:p-20 rounded-lg text-white mx-auto flex flex-col\">\n            <div class=\"flex flex-col gap-[10px] text-center items-center m-auto\">\n\n                \n                                    <div class=\"font-normal text-[16px] leading-[100%] text-white richtext\">\n                        <p>Notre plateforme met \u00e0 votre disposition des ressources informatives accessibles, con\u00e7ues pour nourrir votre r\u00e9flexion et votre curiosit\u00e9. Le contenu offert est pr\u00e9sent\u00e9 \u00e0 titre g\u00e9n\u00e9ral seulement et ne constitue en aucun cas conseil personnalis\u00e9.<\/p>\n                    <\/div>\n                \n                                    <a href=\"http:\/\/signup.ideale-solution.com\"\n                       class=\"btn btn-white rounded-3xl text-secondary mt-6 flex items-center max-w-max border-white\"\n                       title=\"Obtenez votre prime imm\u00e9diatement\">\n                        Obtenez votre prime imm\u00e9diatement                        <span class=\"arrow-right bg-secondary transition-colors duration-300 text-white rounded-2xl w-9 h-9 min-w-9 min-h-9 flex justify-center items-center ml-2\">\n                           <img decoding=\"async\" src=\"https:\/\/www.ideale-solution.com\/wp-content\/themes\/pulser\/images\/arrow-right.svg\"\n                                class=\"w-[11px] transition-transform duration-300\" alt=\"arrow\">\n                        <\/span>\n                    <\/a>\n                \n            <\/div>\n            <div class=\"w-[80px] h-[80px] rounded-[16px] shadow-lg flex justify-center items-center bg-white absolute w-16 animate-float3 z-10\">\n                <img decoding=\"async\" src=\"https:\/\/www.ideale-solution.com\/wp-content\/themes\/pulser\/images\/anim-images\/lightning.png\"\/>\n            <\/div>\n        <\/div>\n    <\/div>\n<\/section>\n\n\n\n<p><\/p>\n","protected":false},"excerpt":{"rendered":"","protected":false},"author":3,"featured_media":0,"parent":0,"menu_order":0,"comment_status":"closed","ping_status":"closed","template":"","meta":{"_acf_changed":false,"footnotes":""},"class_list":["post-37","page","type-page","status-publish","hentry"],"acf":[],"yoast_head":"<!-- This site is optimized with the Yoast SEO plugin v26.8 - https:\/\/yoast.com\/product\/yoast-seo-wordpress\/ -->\n<title>Prime | Id\u00e9ale Solution<\/title>\n<meta name=\"description\" content=\"Abonnez-vous \u00e0 l\u2019un de notre biblioth\u00e8que de vid\u00e9os et de blogues offert tout en profitant d\u2019une remise en argent variant de 300$ \u00e0 2 000$\" \/>\n<meta name=\"robots\" content=\"index, follow, max-snippet:-1, max-image-preview:large, max-video-preview:-1\" \/>\n<link rel=\"canonical\" href=\"https:\/\/www.ideale-solution.com\/fr\/renouvellement-de-votre-credit\/\" \/>\n<meta property=\"og:locale\" content=\"fr_CA\" \/>\n<meta property=\"og:type\" content=\"article\" \/>\n<meta property=\"og:title\" content=\"Prime | Id\u00e9ale Solution\" \/>\n<meta property=\"og:description\" content=\"Abonnez-vous \u00e0 l\u2019un de notre biblioth\u00e8que de vid\u00e9os et de blogues offert tout en profitant d\u2019une remise en argent variant de 300$ \u00e0 2 000$\" \/>\n<meta property=\"og:url\" content=\"https:\/\/www.ideale-solution.com\/fr\/renouvellement-de-votre-credit\/\" \/>\n<meta property=\"og:site_name\" content=\"Id\u00e9ale Solution\" \/>\n<meta property=\"article:modified_time\" content=\"2026-03-25T14:34:46+00:00\" \/>\n<meta property=\"og:image\" content=\"https:\/\/www.ideale-solution.com\/wp-content\/uploads\/2025\/07\/COntent-1.webp\" \/>\n\t<meta property=\"og:image:width\" content=\"406\" \/>\n\t<meta property=\"og:image:height\" content=\"271\" \/>\n\t<meta property=\"og:image:type\" content=\"image\/webp\" \/>\n<meta name=\"twitter:card\" content=\"summary_large_image\" \/>\n<script type=\"application\/ld+json\" class=\"yoast-schema-graph\">{\"@context\":\"https:\/\/schema.org\",\"@graph\":[{\"@type\":\"WebPage\",\"@id\":\"https:\/\/www.ideale-solution.com\/fr\/renouvellement-de-votre-credit\/\",\"url\":\"https:\/\/www.ideale-solution.com\/fr\/renouvellement-de-votre-credit\/\",\"name\":\"Prime | Id\u00e9ale Solution\",\"isPartOf\":{\"@id\":\"https:\/\/www.ideale-solution.com\/fr\/#website\"},\"datePublished\":\"2025-07-07T13:16:50+00:00\",\"dateModified\":\"2026-03-25T14:34:46+00:00\",\"description\":\"Abonnez-vous \u00e0 l\u2019un de notre biblioth\u00e8que de vid\u00e9os et de blogues offert tout en profitant d\u2019une remise en argent variant de 300$ \u00e0 2 000$\",\"breadcrumb\":{\"@id\":\"https:\/\/www.ideale-solution.com\/fr\/renouvellement-de-votre-credit\/#breadcrumb\"},\"inLanguage\":\"fr-CA\",\"potentialAction\":[{\"@type\":\"ReadAction\",\"target\":[\"https:\/\/www.ideale-solution.com\/fr\/renouvellement-de-votre-credit\/\"]}]},{\"@type\":\"BreadcrumbList\",\"@id\":\"https:\/\/www.ideale-solution.com\/fr\/renouvellement-de-votre-credit\/#breadcrumb\",\"itemListElement\":[{\"@type\":\"ListItem\",\"position\":1,\"name\":\"Accueil\",\"item\":\"https:\/\/www.ideale-solution.com\/fr\/\"},{\"@type\":\"ListItem\",\"position\":2,\"name\":\"Prime\"}]},{\"@type\":\"WebSite\",\"@id\":\"https:\/\/www.ideale-solution.com\/fr\/#website\",\"url\":\"https:\/\/www.ideale-solution.com\/fr\/\",\"name\":\"Id\u00e9ale Solution\",\"description\":\"Faire un cr\u00e9dit d\u2019argent rapide en ligne\",\"publisher\":{\"@id\":\"https:\/\/www.ideale-solution.com\/fr\/#organization\"},\"potentialAction\":[{\"@type\":\"SearchAction\",\"target\":{\"@type\":\"EntryPoint\",\"urlTemplate\":\"https:\/\/www.ideale-solution.com\/fr\/?s={search_term_string}\"},\"query-input\":{\"@type\":\"PropertyValueSpecification\",\"valueRequired\":true,\"valueName\":\"search_term_string\"}}],\"inLanguage\":\"fr-CA\"},{\"@type\":\"Organization\",\"@id\":\"https:\/\/www.ideale-solution.com\/fr\/#organization\",\"name\":\"Id\u00e9ale Solution\",\"url\":\"https:\/\/www.ideale-solution.com\/fr\/\",\"logo\":{\"@type\":\"ImageObject\",\"inLanguage\":\"fr-CA\",\"@id\":\"https:\/\/www.ideale-solution.com\/fr\/#\/schema\/logo\/image\/\",\"url\":\"https:\/\/www.ideale-solution.com\/wp-content\/uploads\/2025\/07\/Group-2-1-1.svg\",\"contentUrl\":\"https:\/\/www.ideale-solution.com\/wp-content\/uploads\/2025\/07\/Group-2-1-1.svg\",\"caption\":\"Id\u00e9ale Solution\"},\"image\":{\"@id\":\"https:\/\/www.ideale-solution.com\/fr\/#\/schema\/logo\/image\/\"}}]}<\/script>\n<!-- \/ Yoast SEO plugin. -->","yoast_head_json":{"title":"Prime | Id\u00e9ale Solution","description":"Abonnez-vous \u00e0 l\u2019un de notre biblioth\u00e8que de vid\u00e9os et de blogues offert tout en profitant d\u2019une remise en argent variant de 300$ \u00e0 2 000$","robots":{"index":"index","follow":"follow","max-snippet":"max-snippet:-1","max-image-preview":"max-image-preview:large","max-video-preview":"max-video-preview:-1"},"canonical":"https:\/\/www.ideale-solution.com\/fr\/renouvellement-de-votre-credit\/","og_locale":"fr_CA","og_type":"article","og_title":"Prime | Id\u00e9ale Solution","og_description":"Abonnez-vous \u00e0 l\u2019un de notre biblioth\u00e8que de vid\u00e9os et de blogues offert tout en profitant d\u2019une remise en argent variant de 300$ \u00e0 2 000$","og_url":"https:\/\/www.ideale-solution.com\/fr\/renouvellement-de-votre-credit\/","og_site_name":"Id\u00e9ale Solution","article_modified_time":"2026-03-25T14:34:46+00:00","og_image":[{"width":406,"height":271,"url":"https:\/\/www.ideale-solution.com\/wp-content\/uploads\/2025\/07\/COntent-1.webp","type":"image\/webp"}],"twitter_card":"summary_large_image","schema":{"@context":"https:\/\/schema.org","@graph":[{"@type":"WebPage","@id":"https:\/\/www.ideale-solution.com\/fr\/renouvellement-de-votre-credit\/","url":"https:\/\/www.ideale-solution.com\/fr\/renouvellement-de-votre-credit\/","name":"Prime | Id\u00e9ale Solution","isPartOf":{"@id":"https:\/\/www.ideale-solution.com\/fr\/#website"},"datePublished":"2025-07-07T13:16:50+00:00","dateModified":"2026-03-25T14:34:46+00:00","description":"Abonnez-vous \u00e0 l\u2019un de notre biblioth\u00e8que de vid\u00e9os et de blogues offert tout en profitant d\u2019une remise en argent variant de 300$ \u00e0 2 000$","breadcrumb":{"@id":"https:\/\/www.ideale-solution.com\/fr\/renouvellement-de-votre-credit\/#breadcrumb"},"inLanguage":"fr-CA","potentialAction":[{"@type":"ReadAction","target":["https:\/\/www.ideale-solution.com\/fr\/renouvellement-de-votre-credit\/"]}]},{"@type":"BreadcrumbList","@id":"https:\/\/www.ideale-solution.com\/fr\/renouvellement-de-votre-credit\/#breadcrumb","itemListElement":[{"@type":"ListItem","position":1,"name":"Accueil","item":"https:\/\/www.ideale-solution.com\/fr\/"},{"@type":"ListItem","position":2,"name":"Prime"}]},{"@type":"WebSite","@id":"https:\/\/www.ideale-solution.com\/fr\/#website","url":"https:\/\/www.ideale-solution.com\/fr\/","name":"Id\u00e9ale Solution","description":"Faire un cr\u00e9dit d\u2019argent rapide en ligne","publisher":{"@id":"https:\/\/www.ideale-solution.com\/fr\/#organization"},"potentialAction":[{"@type":"SearchAction","target":{"@type":"EntryPoint","urlTemplate":"https:\/\/www.ideale-solution.com\/fr\/?s={search_term_string}"},"query-input":{"@type":"PropertyValueSpecification","valueRequired":true,"valueName":"search_term_string"}}],"inLanguage":"fr-CA"},{"@type":"Organization","@id":"https:\/\/www.ideale-solution.com\/fr\/#organization","name":"Id\u00e9ale Solution","url":"https:\/\/www.ideale-solution.com\/fr\/","logo":{"@type":"ImageObject","inLanguage":"fr-CA","@id":"https:\/\/www.ideale-solution.com\/fr\/#\/schema\/logo\/image\/","url":"https:\/\/www.ideale-solution.com\/wp-content\/uploads\/2025\/07\/Group-2-1-1.svg","contentUrl":"https:\/\/www.ideale-solution.com\/wp-content\/uploads\/2025\/07\/Group-2-1-1.svg","caption":"Id\u00e9ale Solution"},"image":{"@id":"https:\/\/www.ideale-solution.com\/fr\/#\/schema\/logo\/image\/"}}]}},"_links":{"self":[{"href":"https:\/\/www.ideale-solution.com\/fr\/wp-json\/wp\/v2\/pages\/37","targetHints":{"allow":["GET"]}}],"collection":[{"href":"https:\/\/www.ideale-solution.com\/fr\/wp-json\/wp\/v2\/pages"}],"about":[{"href":"https:\/\/www.ideale-solution.com\/fr\/wp-json\/wp\/v2\/types\/page"}],"author":[{"embeddable":true,"href":"https:\/\/www.ideale-solution.com\/fr\/wp-json\/wp\/v2\/users\/3"}],"replies":[{"embeddable":true,"href":"https:\/\/www.ideale-solution.com\/fr\/wp-json\/wp\/v2\/comments?post=37"}],"version-history":[{"count":26,"href":"https:\/\/www.ideale-solution.com\/fr\/wp-json\/wp\/v2\/pages\/37\/revisions"}],"predecessor-version":[{"id":1468,"href":"https:\/\/www.ideale-solution.com\/fr\/wp-json\/wp\/v2\/pages\/37\/revisions\/1468"}],"wp:attachment":[{"href":"https:\/\/www.ideale-solution.com\/fr\/wp-json\/wp\/v2\/media?parent=37"}],"curies":[{"name":"wp","href":"https:\/\/api.w.org\/{rel}","templated":true}]}}