{"id":1070,"date":"2025-07-25T12:17:48","date_gmt":"2025-07-25T16:17:48","guid":{"rendered":"https:\/\/www.ideale-solution.com\/?page_id=1070"},"modified":"2026-03-25T05:58:00","modified_gmt":"2026-03-25T09:58:00","slug":"demande-en-ligne","status":"publish","type":"page","link":"https:\/\/www.ideale-solution.com\/fr\/demande-en-ligne\/","title":{"rendered":"Demande en ligne"},"content":{"rendered":"<section class=\"align wp-block-pulser-credit-posts-2\">\n    <div class=\"lg:px-10 max-lg:px-5 py-[40px] lg:pb-[60px] lg:pt-[80px]\">\n        <div class=\"container mx-auto\">\n                            <div class=\"max-w-[900px] w-full mx-auto\">\n                                            <h1 class=\"text-primary text-center font-extrabold flex flex-col gap-y-[8px] lg:text-[82px] md:text-[58px] max-[480px]:text-[42px] leading-[100%]\">\n                    <span>\n                    Un regard plus clair sur certaines notions cl\u00e9s                    <\/span>\n                        <\/h1>\n                                                                <div class=\"font-primary text-[16px] font-medium leading-[160%] text-center text-primary pt-4\">\n                            <p>Nous mettons en place des vid\u00e9os en ligne accessibles et adapt\u00e9s, con\u00e7us pour faciliter l&rsquo;exploration de divers sujets.<\/p>\n                        <\/div>\n                                    <\/div>\n                        \r\n    <div class=\"flex flex-wrap justify-center gap-[32px] max-lg:mb-10 mt-[60px]\">\r\n                    <div class=\"w-full sm:w-half-minus-1_5 lg:w-[calc(33.333%-2rem)] flex flex-col border border-[#F0F3FF] hover:border-secondary transition-colors duration-500 rounded-lg bg-white shadow-custom-layered py-5 px-5 mb-0 lg:mb-14 max-[480px]:mb-6\">\r\n                                        <div class=\"credit-post flex flex-col h-full justify-between\">\r\n                                                <div>\r\n                                                            <img decoding=\"async\" src=\"https:\/\/www.ideale-solution.com\/wp-content\/uploads\/2025\/07\/ICON.svg\" alt=\"Votre prime vous attend\u2026 prenez-la d\u00e8s aujourd\u2019hui!\"\r\n                                    class=\"w-[70px] h-[70px] mb-7\">\r\n                            \r\n                                                            <h3 class=\"h4 font-bold mb-2 lg:min-h-[60px]\">Votre prime vous attend\u2026 prenez-la d\u00e8s aujourd\u2019hui!<\/h4>\r\n                                \r\n                                                        <\/div>\r\n\r\n                                                            <\/div>\r\n            <\/div>\r\n            <div class=\"w-full sm:w-half-minus-1_5 lg:w-[calc(33.333%-2rem)] flex flex-col border border-[#F0F3FF] hover:border-secondary transition-colors duration-500 rounded-lg bg-white shadow-custom-layered py-5 px-5 mb-0 lg:mb-14 max-[480px]:mb-6\">\r\n                                        <div class=\"credit-post flex flex-col h-full justify-between\">\r\n                                                <div>\r\n                                                            <img decoding=\"async\" src=\"https:\/\/www.ideale-solution.com\/wp-content\/uploads\/2025\/07\/ICON-1.svg\" alt=\"Des outils utiles pour la vie de tous les jours\"\r\n                                    class=\"w-[70px] h-[70px] mb-7\">\r\n                            \r\n                                                            <h3 class=\"h4 font-bold mb-2 lg:min-h-[60px]\">Des outils utiles pour la vie de tous les jours<\/h4>\r\n                                \r\n                                                        <\/div>\r\n\r\n                                                            <\/div>\r\n            <\/div>\r\n            <div class=\"w-full sm:w-half-minus-1_5 lg:w-[calc(33.333%-2rem)] flex flex-col border border-[#F0F3FF] hover:border-secondary transition-colors duration-500 rounded-lg bg-white shadow-custom-layered py-5 px-5 mb-0 lg:mb-14 max-[480px]:mb-6\">\r\n                                        <div class=\"credit-post flex flex-col h-full justify-between\">\r\n                                                <div>\r\n                                                            <img decoding=\"async\" src=\"https:\/\/www.ideale-solution.com\/wp-content\/uploads\/2025\/07\/ICON-2.svg\" alt=\"Biblioth\u00e8que de vid\u00e9os et de blogues\"\r\n                                    class=\"w-[70px] h-[70px] mb-7\">\r\n                            \r\n                                                            <h3 class=\"h4 font-bold mb-2 lg:min-h-[60px]\">Biblioth\u00e8que de vid\u00e9os et de blogues<\/h4>\r\n                                \r\n                                                        <\/div>\r\n\r\n                                                            <\/div>\r\n            <\/div>\r\n<\/div>\r\n                    <\/div>\n    <\/div>\n<\/section>\n\n\r\n<section id=\"table\">\r\n    <div class=\"px-5 lg:px-10 py-16 lg:py-[100px]\">\r\n        <div class=\"container mx-auto\">\r\n            <div class=\"flex flex-col items-center gap-4\">\r\n                                    <div class=\"text-center max-w-[950px] mx-auto\">\r\n                        <h1><strong>D\u00e9couvrez nos divers forfaits de contenu sur divers sujets utiles pour la vie de tous les jours.<\/strong><\/h1>\n<p>Chaque forfait traite d\u2019un nombre diff\u00e9rent de sujets qui pourraient vous int\u00e9resser.<\/p>\n                    <\/div>\r\n                                                                    <div class=\"w-full h-auto mt-10\">\r\n                        <img decoding=\"async\" src=\"https:\/\/www.ideale-solution.com\/wp-content\/uploads\/2026\/01\/Tableau_des_forfaits_2026.jpg\" alt=\"\">\r\n                    <\/div>\r\n                                                    <div class=\"text-left mt-4 w-full\">\r\n                        <p>* Le prix peut varier en fonction de la dur\u00e9e de l&rsquo;abonnement et des options choisies. Taxes en sus.<\/p>\r\n                    <\/div>\r\n                            <\/div>\r\n        <\/div>\r\n    <\/div>\r\n<\/section>\n\n\r\n<section class=\"align wp-block-pulser-faq relative overflow-hidden\">\r\n    <div class=\"lg:px-10 max-lg:px-5 py-[40px] lg:py-[60px]\">\r\n        <div class=\"max-w-[1060px] mx-auto p-10 md:p-20 rounded-lg bg-[#F0F3FF]\">\r\n\r\n                            <div class=\"flex flex-col\">\r\n                                            <h2><span class=\"font-bold\">Tout ce que vous devez savoir<\/span><\/h2>\r\n                    \r\n                                            <div class=\"font-normal text-[16px] leading-[100%] richtext\">\r\n                            <p><span style=\"font-weight: 400\">Important d\u2019avoir des r\u00e9ponses \u00e0 toutes vos questions<\/span><\/p>\n                        <\/div>\r\n                                    <\/div>\r\n            \r\n                            <div data-target=\"accordion\" class=\"faq mt-6\">\r\n                                                <div class=\"flex flex-col border-t border-solid border-[#A5A5A5]\">\r\n\r\n                                <!-- Toggle Button -->\r\n                                <button\r\n                                        type=\"button\"\r\n                                        class=\"flex items-center justify-between w-full text-left py-[20px]\"\r\n                                        data-toggle=\"accordion-0\"\r\n                                        aria-expanded=\"false\">\r\n                                    <span class=\"font-primary font-bold text-[18px] leading-[120%] text-textDark\">\r\n                                        Pourquoi choisir Id\u00e9ale-Solution ?                                    <\/span>\r\n                                    <span class=\"icon-toggle text-[#0C0703] text-[14px] ml-5 mr-2\">\r\n                                        <i class=\"fa-solid fa-plus fa-lg\"><\/i>\r\n                                    <\/span>\r\n                                <\/button>\r\n\r\n                                <!-- Accordion Content -->\r\n                                <div id=\"accordion-0\" class=\"hidden overflow-hidden\">\r\n                                    <div class=\"font-primary richtext font-normal pb-[20px] text-[16px] leading-[150%] text-black\">\r\n                                        <p>Id\u00e9ale-Solution propose une plateforme de contenus informatifs con\u00e7ue pour favoriser une meilleure compr\u00e9hension de certains sujets.<\/p>\n                                    <\/div>\r\n                                <\/div>\r\n                            <\/div>\r\n                                                    <div class=\"flex flex-col border-t border-solid border-[#A5A5A5]\">\r\n\r\n                                <!-- Toggle Button -->\r\n                                <button\r\n                                        type=\"button\"\r\n                                        class=\"flex items-center justify-between w-full text-left py-[20px]\"\r\n                                        data-toggle=\"accordion-1\"\r\n                                        aria-expanded=\"false\">\r\n                                    <span class=\"font-primary font-bold text-[18px] leading-[120%] text-textDark\">\r\n                                        Quelles sont les primes de bienvenue offertes?                                    <\/span>\r\n                                    <span class=\"icon-toggle text-[#0C0703] text-[14px] ml-5 mr-2\">\r\n                                        <i class=\"fa-solid fa-plus fa-lg\"><\/i>\r\n                                    <\/span>\r\n                                <\/button>\r\n\r\n                                <!-- Accordion Content -->\r\n                                <div id=\"accordion-1\" class=\"hidden overflow-hidden\">\r\n                                    <div class=\"font-primary richtext font-normal pb-[20px] text-[16px] leading-[150%] text-black\">\r\n                                        <p>Les primes de bienvenue varient en fonction du forfait s\u00e9lectionn\u00e9 et sont comprises entre 300$ et 2 000$<\/p>\n                                    <\/div>\r\n                                <\/div>\r\n                            <\/div>\r\n                                                    <div class=\"flex flex-col border-t border-solid border-[#A5A5A5]\">\r\n\r\n                                <!-- Toggle Button -->\r\n                                <button\r\n                                        type=\"button\"\r\n                                        class=\"flex items-center justify-between w-full text-left py-[20px]\"\r\n                                        data-toggle=\"accordion-2\"\r\n                                        aria-expanded=\"false\">\r\n                                    <span class=\"font-primary font-bold text-[18px] leading-[120%] text-textDark\">\r\n                                        Est-ce que le processus d&#039;adh\u00e9sion est s\u00e9curis\u00e9?                                    <\/span>\r\n                                    <span class=\"icon-toggle text-[#0C0703] text-[14px] ml-5 mr-2\">\r\n                                        <i class=\"fa-solid fa-plus fa-lg\"><\/i>\r\n                                    <\/span>\r\n                                <\/button>\r\n\r\n                                <!-- Accordion Content -->\r\n                                <div id=\"accordion-2\" class=\"hidden overflow-hidden\">\r\n                                    <div class=\"font-primary richtext font-normal pb-[20px] text-[16px] leading-[150%] text-black\">\r\n                                        <p>Oui, notre processus d\u2019inscription \u00e0 l\u2019un de nos forfaits est s\u00e9curis\u00e9. Nous utilisons les meilleures pratiques et technologies disponibles pour prot\u00e9ger vos donn\u00e9es personnelles.<\/p>\n                                    <\/div>\r\n                                <\/div>\r\n                            <\/div>\r\n                                        <\/div>\r\n                    <\/div>\r\n        <div class=\"max-w-[840px] mx-auto\">\r\n                            <div class=\"mt-10 text-center\">\r\n                                            <h3 class=\"font-bold text-[20px] mb-2\">Envie d&#039;en savoir plus?<\/h3>\r\n                    \r\n                                            <div class=\"text-[16px] leading-[150%] font-normal richtext\">\r\n                            <p>Envie d&rsquo;en savoir plus? N&rsquo;h\u00e9sitez pas \u00e0 nous contacter, il nous fera plaisir de vous renseigner sur notre catalogue de vid\u00e9os.<\/p>\n                        <\/div>\r\n                                    <\/div>\r\n                                        <a href=\"mailto:info@ideale-solution.com\"\r\n                   class=\"btn btn-white rounded-3xl text-secondary mt-6 mx-auto flex items-center max-w-max border-secondary\"\r\n                   title=\"Contactez-nous\">\r\n                    Contactez-nous                    <span class=\"arrow-right bg-secondary transition-colors duration-300 text-white rounded-2xl w-9 h-9 min-w-9 min-h-9 flex justify-center items-center ml-2\">\r\n                       <img decoding=\"async\" src=\"https:\/\/www.ideale-solution.com\/wp-content\/themes\/pulser\/images\/arrow-right.svg\"\r\n                            class=\"w-[11px] transition-transform duration-300\" alt=\"arrow\">\r\n                    <\/span>\r\n                <\/a>\r\n                    <\/div>\r\n    <\/div>\r\n    <div class=\"w-[80px] h-[80px] rounded-[16px] shadow-lg flex justify-center items-center bg-white absolute animate-float2 z-10\">\r\n        <img decoding=\"async\" src=\"https:\/\/www.ideale-solution.com\/wp-content\/themes\/pulser\/images\/anim-images\/money.png\"\/>\r\n    <\/div>\r\n<\/section>\r\n\n\n\n<section>\n    <div class=\"lg:px-10 max-lg:px-5 py-[40px] lg:pt-[60px] lg:pb-[80px] relative overflow-hidden\">\n        <div class=\"container bg-gradient-to-br from-[#433EED] via-[#433EED] to-[#E5E3FF] p-10 md:p-20 rounded-lg text-white mx-auto flex flex-col\">\n            <div class=\"flex flex-col gap-[10px] text-center items-center m-auto\">\n\n                \n                                    <div class=\"font-normal text-[16px] leading-[100%] text-white richtext\">\n                        <p>Notre plateforme met \u00e0 votre disposition des ressources informatives accessibles, con\u00e7ues pour nourrir votre r\u00e9flexion et votre curiosit\u00e9. Le contenu offert est pr\u00e9sent\u00e9 \u00e0 titre g\u00e9n\u00e9ral seulement et ne constitue en aucun cas conseil personnalis\u00e9.<\/p>\n                    <\/div>\n                \n                                    <a href=\"http:\/\/signup.ideale-solution.com\"\n                       class=\"btn btn-white rounded-3xl text-secondary mt-6 flex items-center max-w-max border-white\"\n                       title=\"Obtenez votre prime imm\u00e9diatement\">\n                        Obtenez votre prime imm\u00e9diatement                        <span class=\"arrow-right bg-secondary transition-colors duration-300 text-white rounded-2xl w-9 h-9 min-w-9 min-h-9 flex justify-center items-center ml-2\">\n                           <img decoding=\"async\" src=\"https:\/\/www.ideale-solution.com\/wp-content\/themes\/pulser\/images\/arrow-right.svg\"\n                                class=\"w-[11px] transition-transform duration-300\" alt=\"arrow\">\n                        <\/span>\n                    <\/a>\n                \n            <\/div>\n            <div class=\"w-[80px] h-[80px] rounded-[16px] shadow-lg flex justify-center items-center bg-white absolute w-16 animate-float3 z-10\">\n                <img decoding=\"async\" src=\"https:\/\/www.ideale-solution.com\/wp-content\/themes\/pulser\/images\/anim-images\/lightning.png\"\/>\n            <\/div>\n        <\/div>\n    <\/div>\n<\/section>\n","protected":false},"excerpt":{"rendered":"","protected":false},"author":3,"featured_media":0,"parent":0,"menu_order":0,"comment_status":"closed","ping_status":"closed","template":"","meta":{"_acf_changed":false,"footnotes":""},"class_list":["post-1070","page","type-page","status-publish","hentry"],"acf":[],"yoast_head":"<!-- This site is optimized with the Yoast SEO plugin v26.8 - https:\/\/yoast.com\/product\/yoast-seo-wordpress\/ -->\n<title>Demande en ligne | Id\u00e9ale Solution<\/title>\n<meta name=\"description\" content=\"Votre prime vous attend\u2026 prenez-la d\u00e8s aujourd\u2019hui!\" \/>\n<meta name=\"robots\" content=\"index, follow, max-snippet:-1, max-image-preview:large, max-video-preview:-1\" \/>\n<link rel=\"canonical\" href=\"https:\/\/www.ideale-solution.com\/fr\/demande-en-ligne\/\" \/>\n<meta property=\"og:locale\" content=\"fr_CA\" \/>\n<meta property=\"og:type\" content=\"article\" \/>\n<meta property=\"og:title\" content=\"Demande en ligne | Id\u00e9ale Solution\" \/>\n<meta property=\"og:description\" content=\"Votre prime vous attend\u2026 prenez-la d\u00e8s aujourd\u2019hui!\" \/>\n<meta property=\"og:url\" content=\"https:\/\/www.ideale-solution.com\/fr\/demande-en-ligne\/\" \/>\n<meta property=\"og:site_name\" content=\"Id\u00e9ale Solution\" \/>\n<meta property=\"article:modified_time\" content=\"2026-03-25T09:58:00+00:00\" \/>\n<meta property=\"og:image\" content=\"https:\/\/www.ideale-solution.com\/wp-content\/uploads\/2025\/07\/COntent-1.webp\" \/>\n\t<meta property=\"og:image:width\" content=\"406\" \/>\n\t<meta property=\"og:image:height\" content=\"271\" \/>\n\t<meta property=\"og:image:type\" content=\"image\/webp\" \/>\n<meta name=\"twitter:card\" content=\"summary_large_image\" \/>\n<script type=\"application\/ld+json\" class=\"yoast-schema-graph\">{\"@context\":\"https:\/\/schema.org\",\"@graph\":[{\"@type\":\"WebPage\",\"@id\":\"https:\/\/www.ideale-solution.com\/fr\/demande-en-ligne\/\",\"url\":\"https:\/\/www.ideale-solution.com\/fr\/demande-en-ligne\/\",\"name\":\"Demande en ligne | Id\u00e9ale Solution\",\"isPartOf\":{\"@id\":\"https:\/\/www.ideale-solution.com\/fr\/#website\"},\"datePublished\":\"2025-07-25T16:17:48+00:00\",\"dateModified\":\"2026-03-25T09:58:00+00:00\",\"description\":\"Votre prime vous attend\u2026 prenez-la d\u00e8s aujourd\u2019hui!\",\"breadcrumb\":{\"@id\":\"https:\/\/www.ideale-solution.com\/fr\/demande-en-ligne\/#breadcrumb\"},\"inLanguage\":\"fr-CA\",\"potentialAction\":[{\"@type\":\"ReadAction\",\"target\":[\"https:\/\/www.ideale-solution.com\/fr\/demande-en-ligne\/\"]}]},{\"@type\":\"BreadcrumbList\",\"@id\":\"https:\/\/www.ideale-solution.com\/fr\/demande-en-ligne\/#breadcrumb\",\"itemListElement\":[{\"@type\":\"ListItem\",\"position\":1,\"name\":\"Accueil\",\"item\":\"https:\/\/www.ideale-solution.com\/fr\/\"},{\"@type\":\"ListItem\",\"position\":2,\"name\":\"Demande en ligne\"}]},{\"@type\":\"WebSite\",\"@id\":\"https:\/\/www.ideale-solution.com\/fr\/#website\",\"url\":\"https:\/\/www.ideale-solution.com\/fr\/\",\"name\":\"Id\u00e9ale Solution\",\"description\":\"Faire un cr\u00e9dit d\u2019argent rapide en ligne\",\"publisher\":{\"@id\":\"https:\/\/www.ideale-solution.com\/fr\/#organization\"},\"potentialAction\":[{\"@type\":\"SearchAction\",\"target\":{\"@type\":\"EntryPoint\",\"urlTemplate\":\"https:\/\/www.ideale-solution.com\/fr\/?s={search_term_string}\"},\"query-input\":{\"@type\":\"PropertyValueSpecification\",\"valueRequired\":true,\"valueName\":\"search_term_string\"}}],\"inLanguage\":\"fr-CA\"},{\"@type\":\"Organization\",\"@id\":\"https:\/\/www.ideale-solution.com\/fr\/#organization\",\"name\":\"Id\u00e9ale Solution\",\"url\":\"https:\/\/www.ideale-solution.com\/fr\/\",\"logo\":{\"@type\":\"ImageObject\",\"inLanguage\":\"fr-CA\",\"@id\":\"https:\/\/www.ideale-solution.com\/fr\/#\/schema\/logo\/image\/\",\"url\":\"https:\/\/www.ideale-solution.com\/wp-content\/uploads\/2025\/07\/Group-2-1-1.svg\",\"contentUrl\":\"https:\/\/www.ideale-solution.com\/wp-content\/uploads\/2025\/07\/Group-2-1-1.svg\",\"caption\":\"Id\u00e9ale Solution\"},\"image\":{\"@id\":\"https:\/\/www.ideale-solution.com\/fr\/#\/schema\/logo\/image\/\"}}]}<\/script>\n<!-- \/ Yoast SEO plugin. -->","yoast_head_json":{"title":"Demande en ligne | Id\u00e9ale Solution","description":"Votre prime vous attend\u2026 prenez-la d\u00e8s aujourd\u2019hui!","robots":{"index":"index","follow":"follow","max-snippet":"max-snippet:-1","max-image-preview":"max-image-preview:large","max-video-preview":"max-video-preview:-1"},"canonical":"https:\/\/www.ideale-solution.com\/fr\/demande-en-ligne\/","og_locale":"fr_CA","og_type":"article","og_title":"Demande en ligne | Id\u00e9ale Solution","og_description":"Votre prime vous attend\u2026 prenez-la d\u00e8s aujourd\u2019hui!","og_url":"https:\/\/www.ideale-solution.com\/fr\/demande-en-ligne\/","og_site_name":"Id\u00e9ale Solution","article_modified_time":"2026-03-25T09:58:00+00:00","og_image":[{"width":406,"height":271,"url":"https:\/\/www.ideale-solution.com\/wp-content\/uploads\/2025\/07\/COntent-1.webp","type":"image\/webp"}],"twitter_card":"summary_large_image","schema":{"@context":"https:\/\/schema.org","@graph":[{"@type":"WebPage","@id":"https:\/\/www.ideale-solution.com\/fr\/demande-en-ligne\/","url":"https:\/\/www.ideale-solution.com\/fr\/demande-en-ligne\/","name":"Demande en ligne | Id\u00e9ale Solution","isPartOf":{"@id":"https:\/\/www.ideale-solution.com\/fr\/#website"},"datePublished":"2025-07-25T16:17:48+00:00","dateModified":"2026-03-25T09:58:00+00:00","description":"Votre prime vous attend\u2026 prenez-la d\u00e8s aujourd\u2019hui!","breadcrumb":{"@id":"https:\/\/www.ideale-solution.com\/fr\/demande-en-ligne\/#breadcrumb"},"inLanguage":"fr-CA","potentialAction":[{"@type":"ReadAction","target":["https:\/\/www.ideale-solution.com\/fr\/demande-en-ligne\/"]}]},{"@type":"BreadcrumbList","@id":"https:\/\/www.ideale-solution.com\/fr\/demande-en-ligne\/#breadcrumb","itemListElement":[{"@type":"ListItem","position":1,"name":"Accueil","item":"https:\/\/www.ideale-solution.com\/fr\/"},{"@type":"ListItem","position":2,"name":"Demande en ligne"}]},{"@type":"WebSite","@id":"https:\/\/www.ideale-solution.com\/fr\/#website","url":"https:\/\/www.ideale-solution.com\/fr\/","name":"Id\u00e9ale Solution","description":"Faire un cr\u00e9dit d\u2019argent rapide en ligne","publisher":{"@id":"https:\/\/www.ideale-solution.com\/fr\/#organization"},"potentialAction":[{"@type":"SearchAction","target":{"@type":"EntryPoint","urlTemplate":"https:\/\/www.ideale-solution.com\/fr\/?s={search_term_string}"},"query-input":{"@type":"PropertyValueSpecification","valueRequired":true,"valueName":"search_term_string"}}],"inLanguage":"fr-CA"},{"@type":"Organization","@id":"https:\/\/www.ideale-solution.com\/fr\/#organization","name":"Id\u00e9ale Solution","url":"https:\/\/www.ideale-solution.com\/fr\/","logo":{"@type":"ImageObject","inLanguage":"fr-CA","@id":"https:\/\/www.ideale-solution.com\/fr\/#\/schema\/logo\/image\/","url":"https:\/\/www.ideale-solution.com\/wp-content\/uploads\/2025\/07\/Group-2-1-1.svg","contentUrl":"https:\/\/www.ideale-solution.com\/wp-content\/uploads\/2025\/07\/Group-2-1-1.svg","caption":"Id\u00e9ale Solution"},"image":{"@id":"https:\/\/www.ideale-solution.com\/fr\/#\/schema\/logo\/image\/"}}]}},"_links":{"self":[{"href":"https:\/\/www.ideale-solution.com\/fr\/wp-json\/wp\/v2\/pages\/1070","targetHints":{"allow":["GET"]}}],"collection":[{"href":"https:\/\/www.ideale-solution.com\/fr\/wp-json\/wp\/v2\/pages"}],"about":[{"href":"https:\/\/www.ideale-solution.com\/fr\/wp-json\/wp\/v2\/types\/page"}],"author":[{"embeddable":true,"href":"https:\/\/www.ideale-solution.com\/fr\/wp-json\/wp\/v2\/users\/3"}],"replies":[{"embeddable":true,"href":"https:\/\/www.ideale-solution.com\/fr\/wp-json\/wp\/v2\/comments?post=1070"}],"version-history":[{"count":17,"href":"https:\/\/www.ideale-solution.com\/fr\/wp-json\/wp\/v2\/pages\/1070\/revisions"}],"predecessor-version":[{"id":1457,"href":"https:\/\/www.ideale-solution.com\/fr\/wp-json\/wp\/v2\/pages\/1070\/revisions\/1457"}],"wp:attachment":[{"href":"https:\/\/www.ideale-solution.com\/fr\/wp-json\/wp\/v2\/media?parent=1070"}],"curies":[{"name":"wp","href":"https:\/\/api.w.org\/{rel}","templated":true}]}}