{"id":379,"date":"2025-07-07T09:17:58","date_gmt":"2025-07-07T13:17:58","guid":{"rendered":"https:\/\/www.ideale-solution.com\/general-conditions-of-sale\/"},"modified":"2026-03-25T10:31:54","modified_gmt":"2026-03-25T14:31:54","slug":"general-conditions-of-sale","status":"publish","type":"page","link":"https:\/\/www.ideale-solution.com\/en\/general-conditions-of-sale\/","title":{"rendered":"General conditions of sale"},"content":{"rendered":"\n<section>\n    <div class=\"lg:px-10 max-lg:px-5 mt-8 relative overflow-hidden\">\n        <div class=\"container mx-auto\">\n            <div class=\"flex flex-col text-left items-start m-auto\">\n\n                                    <div class=\"max-w-[850px] w-full mx-auto\">\n                                                    <h1 class=\"text-primary font-extrabold flex flex-col gap-y-[8px] text-left\">\n                                <span>General conditions of sale<\/span>\n                            <\/h1>\n                        \n                                                    <div class=\"richtext font-primary text-[18px] font-normal leading-[160%] text-primary pt-4 text-left\">\n                                <h2>ARTICLE 1 &#8211; CONSENT<\/h2>\n<p><strong>How do you obtain my consent?<\/strong><\/p>\n<p>When you provide us with your personal information to complete a transaction, we assume that you consent to our collection and use ofyour information for this purpose only.<\/p>\n<p>If we ask you to provide your personal information for any other reason, such as marketing purposes, we will ask you directly for your express consent, or give you the opportunity to refuse.<\/p>\n<p><strong>How can I withdraw my consent?<\/strong><\/p>\n<p>If, after having given us your consent, you change your mind and no longer consent to our contacting you, collecting your information or disclosing it, you may notify us by contacting us at info@ideale-solution.com or by mail at : Id\u00e9ale-Solution 1845 Boul. de P\u00e9rigny CP102, Chambly, Qu\u00e9bec, J3L 0B0<\/p>\n<h2>ARTICLE 2\u2013 DISCLOSURE<\/h2>\n<p>We may disclose your personal information if we are required to do so by law or if you breach our Terms of Use.<\/p>\n<h2>ARTICLE 3 &#8211; DVORE<\/h2>\n<p>Our site is hosted by DVORE.<\/p>\n<p>Your data is stored in LIBRE IT data storage system and databases, and in LIBRE IT general application. Your data is stored on a secure server protected by a firewall.<\/p>\n<h2>ARTICLE 4 &#8211; SECURITY<\/h2>\n<p>To protect your personal data, we take reasonable precautions and follow industry best practices to ensure that it is not lost, misappropriated, accessed, disclosed, altered or destroyed inappropriately.<\/p>\n<h3>DATA COLLECTION<\/h3>\n<p>We use a number of technologies to collect and store information, including cookies, tracking pixels, locally stored items (such as web browser storage or application data caches), databases and server log files.<\/p>\n<h2>ARTICLE 5 &#8211; AGE OF CONSENT<\/h2>\n<p>By using this site, you represent that you are at least the age of majority in your state or province of residence.<\/p>\n<h2>ARTICLE 6 &#8211; CHANGES TO THIS PRIVACY POLICY<\/h2>\n<p>We reserve the right to modify this Privacy Policy at any time, so please check back frequently. Changes and clarifications will take effect immediately upon posting on the website. If we make changes to the content of this policy, we will notify you here that it has been updated, so that you will know what information we collect, how we use it, and under what circumstances, if any, we disclose it.<\/p>\n<p>If our store is acquired by or merged with another company, your information may be transferred to the new owners so that we can continue to sell products to you.<\/p>\n<h2>QUESTIONS AND CONTACT INFORMATION<\/h2>\n<p>If you would like to: access, correct, modify or delete any personal information we have about you, file a complaint, or if you would simply like more information, please contact our Privacy Officer at info@ideale-solution.com or by mail at : Id\u00e9ale-Solution 1845 Boul. de P\u00e9rigny CP102, Chambly, Qu\u00e9bec, J3L 0B0<\/p>\n                            <\/div>\n                                            <\/div>\n                \n            <\/div>\n        <\/div>\n    <\/div>\n<\/section>\n\n\n\n<section>\n    <div class=\"lg:px-10 max-lg:px-5 py-[40px] lg:pt-[60px] lg:pb-[80px] relative overflow-hidden\">\n        <div class=\"container bg-gradient-to-br from-[#433EED] via-[#433EED] to-[#E5E3FF] p-10 md:p-20 rounded-lg text-white mx-auto flex flex-col\">\n            <div class=\"flex flex-col gap-[10px] text-center items-center m-auto\">\n\n                \n                                    <div class=\"font-normal text-[16px] leading-[100%] text-white richtext\">\n                        <p>Our platform provides you with accessible informational resources designed to stimulate your thinking and curiosity. The content offered is for general purposes only and does not constitute personalized advice.<\/p>\n                    <\/div>\n                \n                                    <a href=\"http:\/\/signup.ideale-solution.com\"\n                       class=\"btn btn-white rounded-3xl text-secondary mt-6 flex items-center max-w-max border-white\"\n                       title=\"Get your bonus immediately\">\n                        Get your bonus immediately                        <span class=\"arrow-right bg-secondary transition-colors duration-300 text-white rounded-2xl w-9 h-9 min-w-9 min-h-9 flex justify-center items-center ml-2\">\n                           <img decoding=\"async\" src=\"https:\/\/www.ideale-solution.com\/wp-content\/themes\/pulser\/images\/arrow-right.svg\"\n                                class=\"w-[11px] transition-transform duration-300\" alt=\"arrow\">\n                        <\/span>\n                    <\/a>\n                \n            <\/div>\n            <div class=\"w-[80px] h-[80px] rounded-[16px] shadow-lg flex justify-center items-center bg-white absolute w-16 animate-float3 z-10\">\n                <img decoding=\"async\" src=\"https:\/\/www.ideale-solution.com\/wp-content\/themes\/pulser\/images\/anim-images\/lightning.png\"\/>\n            <\/div>\n        <\/div>\n    <\/div>\n<\/section>\n","protected":false},"excerpt":{"rendered":"","protected":false},"author":1,"featured_media":0,"parent":0,"menu_order":0,"comment_status":"closed","ping_status":"closed","template":"","meta":{"_acf_changed":false,"footnotes":""},"class_list":["post-379","page","type-page","status-publish","hentry"],"acf":[],"yoast_head":"<!-- This site is optimized with the Yoast SEO plugin v26.8 - https:\/\/yoast.com\/product\/yoast-seo-wordpress\/ -->\n<title>General conditions of sale | Id\u00e9ale Solution<\/title>\n<meta name=\"description\" content=\"Our platform provides you with accessible informational resources designed to spark your thinking and curiosity.\" \/>\n<meta name=\"robots\" content=\"index, follow, max-snippet:-1, max-image-preview:large, max-video-preview:-1\" \/>\n<link rel=\"canonical\" href=\"https:\/\/www.ideale-solution.com\/en\/general-conditions-of-sale\/\" \/>\n<meta property=\"og:locale\" content=\"en_US\" \/>\n<meta property=\"og:type\" content=\"article\" \/>\n<meta property=\"og:title\" content=\"General conditions of sale | Id\u00e9ale Solution\" \/>\n<meta property=\"og:description\" content=\"Our platform provides you with accessible informational resources designed to spark your thinking and curiosity.\" \/>\n<meta property=\"og:url\" content=\"https:\/\/www.ideale-solution.com\/en\/general-conditions-of-sale\/\" \/>\n<meta property=\"og:site_name\" content=\"Id\u00e9ale Solution\" \/>\n<meta property=\"article:modified_time\" content=\"2026-03-25T14:31:54+00:00\" \/>\n<meta property=\"og:image\" content=\"https:\/\/www.ideale-solution.com\/wp-content\/uploads\/2025\/07\/COntent-1.webp\" \/>\n\t<meta property=\"og:image:width\" content=\"406\" \/>\n\t<meta property=\"og:image:height\" content=\"271\" \/>\n\t<meta property=\"og:image:type\" content=\"image\/webp\" \/>\n<meta name=\"twitter:card\" content=\"summary_large_image\" \/>\n<script type=\"application\/ld+json\" class=\"yoast-schema-graph\">{\"@context\":\"https:\/\/schema.org\",\"@graph\":[{\"@type\":\"WebPage\",\"@id\":\"https:\/\/www.ideale-solution.com\/en\/general-conditions-of-sale\/\",\"url\":\"https:\/\/www.ideale-solution.com\/en\/general-conditions-of-sale\/\",\"name\":\"General conditions of sale | Id\u00e9ale Solution\",\"isPartOf\":{\"@id\":\"https:\/\/www.ideale-solution.com\/en\/#website\"},\"datePublished\":\"2025-07-07T13:17:58+00:00\",\"dateModified\":\"2026-03-25T14:31:54+00:00\",\"description\":\"Our platform provides you with accessible informational resources designed to spark your thinking and curiosity.\",\"breadcrumb\":{\"@id\":\"https:\/\/www.ideale-solution.com\/en\/general-conditions-of-sale\/#breadcrumb\"},\"inLanguage\":\"en-CA\",\"potentialAction\":[{\"@type\":\"ReadAction\",\"target\":[\"https:\/\/www.ideale-solution.com\/en\/general-conditions-of-sale\/\"]}]},{\"@type\":\"BreadcrumbList\",\"@id\":\"https:\/\/www.ideale-solution.com\/en\/general-conditions-of-sale\/#breadcrumb\",\"itemListElement\":[{\"@type\":\"ListItem\",\"position\":1,\"name\":\"Accueil\",\"item\":\"https:\/\/www.ideale-solution.com\/en\/\"},{\"@type\":\"ListItem\",\"position\":2,\"name\":\"General conditions of sale\"}]},{\"@type\":\"WebSite\",\"@id\":\"https:\/\/www.ideale-solution.com\/en\/#website\",\"url\":\"https:\/\/www.ideale-solution.com\/en\/\",\"name\":\"Id\u00e9ale Solution\",\"description\":\"Faire un cr\u00e9dit d\u2019argent rapide en ligne\",\"publisher\":{\"@id\":\"https:\/\/www.ideale-solution.com\/en\/#organization\"},\"potentialAction\":[{\"@type\":\"SearchAction\",\"target\":{\"@type\":\"EntryPoint\",\"urlTemplate\":\"https:\/\/www.ideale-solution.com\/en\/?s={search_term_string}\"},\"query-input\":{\"@type\":\"PropertyValueSpecification\",\"valueRequired\":true,\"valueName\":\"search_term_string\"}}],\"inLanguage\":\"en-CA\"},{\"@type\":\"Organization\",\"@id\":\"https:\/\/www.ideale-solution.com\/en\/#organization\",\"name\":\"Id\u00e9ale Solution\",\"url\":\"https:\/\/www.ideale-solution.com\/en\/\",\"logo\":{\"@type\":\"ImageObject\",\"inLanguage\":\"en-CA\",\"@id\":\"https:\/\/www.ideale-solution.com\/en\/#\/schema\/logo\/image\/\",\"url\":\"https:\/\/www.ideale-solution.com\/wp-content\/uploads\/2025\/07\/Group-2-1-1.svg\",\"contentUrl\":\"https:\/\/www.ideale-solution.com\/wp-content\/uploads\/2025\/07\/Group-2-1-1.svg\",\"caption\":\"Id\u00e9ale Solution\"},\"image\":{\"@id\":\"https:\/\/www.ideale-solution.com\/en\/#\/schema\/logo\/image\/\"}}]}<\/script>\n<!-- \/ Yoast SEO plugin. -->","yoast_head_json":{"title":"General conditions of sale | Id\u00e9ale Solution","description":"Our platform provides you with accessible informational resources designed to spark your thinking and curiosity.","robots":{"index":"index","follow":"follow","max-snippet":"max-snippet:-1","max-image-preview":"max-image-preview:large","max-video-preview":"max-video-preview:-1"},"canonical":"https:\/\/www.ideale-solution.com\/en\/general-conditions-of-sale\/","og_locale":"en_US","og_type":"article","og_title":"General conditions of sale | Id\u00e9ale Solution","og_description":"Our platform provides you with accessible informational resources designed to spark your thinking and curiosity.","og_url":"https:\/\/www.ideale-solution.com\/en\/general-conditions-of-sale\/","og_site_name":"Id\u00e9ale Solution","article_modified_time":"2026-03-25T14:31:54+00:00","og_image":[{"width":406,"height":271,"url":"https:\/\/www.ideale-solution.com\/wp-content\/uploads\/2025\/07\/COntent-1.webp","type":"image\/webp"}],"twitter_card":"summary_large_image","schema":{"@context":"https:\/\/schema.org","@graph":[{"@type":"WebPage","@id":"https:\/\/www.ideale-solution.com\/en\/general-conditions-of-sale\/","url":"https:\/\/www.ideale-solution.com\/en\/general-conditions-of-sale\/","name":"General conditions of sale | Id\u00e9ale Solution","isPartOf":{"@id":"https:\/\/www.ideale-solution.com\/en\/#website"},"datePublished":"2025-07-07T13:17:58+00:00","dateModified":"2026-03-25T14:31:54+00:00","description":"Our platform provides you with accessible informational resources designed to spark your thinking and curiosity.","breadcrumb":{"@id":"https:\/\/www.ideale-solution.com\/en\/general-conditions-of-sale\/#breadcrumb"},"inLanguage":"en-CA","potentialAction":[{"@type":"ReadAction","target":["https:\/\/www.ideale-solution.com\/en\/general-conditions-of-sale\/"]}]},{"@type":"BreadcrumbList","@id":"https:\/\/www.ideale-solution.com\/en\/general-conditions-of-sale\/#breadcrumb","itemListElement":[{"@type":"ListItem","position":1,"name":"Accueil","item":"https:\/\/www.ideale-solution.com\/en\/"},{"@type":"ListItem","position":2,"name":"General conditions of sale"}]},{"@type":"WebSite","@id":"https:\/\/www.ideale-solution.com\/en\/#website","url":"https:\/\/www.ideale-solution.com\/en\/","name":"Id\u00e9ale Solution","description":"Faire un cr\u00e9dit d\u2019argent rapide en ligne","publisher":{"@id":"https:\/\/www.ideale-solution.com\/en\/#organization"},"potentialAction":[{"@type":"SearchAction","target":{"@type":"EntryPoint","urlTemplate":"https:\/\/www.ideale-solution.com\/en\/?s={search_term_string}"},"query-input":{"@type":"PropertyValueSpecification","valueRequired":true,"valueName":"search_term_string"}}],"inLanguage":"en-CA"},{"@type":"Organization","@id":"https:\/\/www.ideale-solution.com\/en\/#organization","name":"Id\u00e9ale Solution","url":"https:\/\/www.ideale-solution.com\/en\/","logo":{"@type":"ImageObject","inLanguage":"en-CA","@id":"https:\/\/www.ideale-solution.com\/en\/#\/schema\/logo\/image\/","url":"https:\/\/www.ideale-solution.com\/wp-content\/uploads\/2025\/07\/Group-2-1-1.svg","contentUrl":"https:\/\/www.ideale-solution.com\/wp-content\/uploads\/2025\/07\/Group-2-1-1.svg","caption":"Id\u00e9ale Solution"},"image":{"@id":"https:\/\/www.ideale-solution.com\/en\/#\/schema\/logo\/image\/"}}]}},"_links":{"self":[{"href":"https:\/\/www.ideale-solution.com\/en\/wp-json\/wp\/v2\/pages\/379","targetHints":{"allow":["GET"]}}],"collection":[{"href":"https:\/\/www.ideale-solution.com\/en\/wp-json\/wp\/v2\/pages"}],"about":[{"href":"https:\/\/www.ideale-solution.com\/en\/wp-json\/wp\/v2\/types\/page"}],"author":[{"embeddable":true,"href":"https:\/\/www.ideale-solution.com\/en\/wp-json\/wp\/v2\/users\/1"}],"replies":[{"embeddable":true,"href":"https:\/\/www.ideale-solution.com\/en\/wp-json\/wp\/v2\/comments?post=379"}],"version-history":[{"count":7,"href":"https:\/\/www.ideale-solution.com\/en\/wp-json\/wp\/v2\/pages\/379\/revisions"}],"predecessor-version":[{"id":1375,"href":"https:\/\/www.ideale-solution.com\/en\/wp-json\/wp\/v2\/pages\/379\/revisions\/1375"}],"wp:attachment":[{"href":"https:\/\/www.ideale-solution.com\/en\/wp-json\/wp\/v2\/media?parent=379"}],"curies":[{"name":"wp","href":"https:\/\/api.w.org\/{rel}","templated":true}]}}